{"id":6484,"date":"2021-11-22T15:39:22","date_gmt":"2021-11-22T15:39:22","guid":{"rendered":"https:\/\/generator.com.vn\/?page_id=6484"},"modified":"2021-12-11T16:00:47","modified_gmt":"2021-12-11T16:00:47","slug":"medium-voltage-cabinets","status":"publish","type":"page","link":"https:\/\/generator.com.vn\/en\/medium-voltage-cabinets\/","title":{"rendered":"Medium voltage cabinets"},"content":{"rendered":"\t\t<div data-elementor-type=\"wp-page\" data-elementor-id=\"6484\" class=\"elementor elementor-6484\" data-elementor-settings=\"[]\">\n\t\t\t\t\t\t\t<div class=\"elementor-section-wrap\">\n\t\t\t\t\t\t\t<section class=\"elementor-section elementor-top-section elementor-element elementor-element-70605e0 elementor-section-boxed elementor-section-height-default elementor-section-height-default\" data-id=\"70605e0\" data-element_type=\"section\">\n\t\t\t\t\t\t<div class=\"elementor-container elementor-column-gap-default\">\n\t\t\t\t\t<div class=\"elementor-column elementor-col-100 elementor-top-column elementor-element elementor-element-7a8d810\" data-id=\"7a8d810\" data-element_type=\"column\">\n\t\t\t<div class=\"elementor-widget-wrap elementor-element-populated\">\n\t\t\t\t\t\t\t\t<div class=\"elementor-element elementor-element-5dc244a elementor-widget elementor-widget-fat_product_cat\" data-id=\"5dc244a\" data-element_type=\"widget\" data-widget_type=\"fat_product_cat.default\">\n\t\t\t\t<div class=\"elementor-widget-container\">\n\t\t\t        <div class=\"elementor-shortcode fat-products\">\r\n                            <div class=\"product-item\">\r\n                    <div class=\"product-item-inner\">\r\n                        <div class=\"p-meta-image\">\r\n                            <a href=\"https:\/\/generator.com.vn\/en\/products\/tu-trung-the-eaton-medium-voltage\/\"\r\n                               title=\"T\u1ee7 trung th\u1ebf Eaton Medium Voltage\">\r\n                                <img src=\"https:\/\/generator.com.vn\/wp-content\/uploads\/2021\/10\/eaton-medium-voltage-licensable-assemblies-xdl-image-cn-350x250.jpg\">\r\n                            <\/a>\r\n                        <\/div>\r\n                        <div class=\"p-meta-title\">\r\n                            <a href=\"https:\/\/generator.com.vn\/en\/products\/tu-trung-the-eaton-medium-voltage\/\"\r\n                               title=\"T\u1ee7 trung th\u1ebf Eaton Medium Voltage\">\r\n                                T\u1ee7 trung th\u1ebf Eaton Medium Voltage                            <\/a>\r\n                        <\/div>\r\n                    <\/div>\r\n\r\n                <\/div>\r\n                            <div class=\"product-item\">\r\n                    <div class=\"product-item-inner\">\r\n                        <div class=\"p-meta-image\">\r\n                            <a href=\"https:\/\/generator.com.vn\/en\/products\/tu-trung-the-eaton-7-2-kv-24-kv-power-xpert-ux\/\"\r\n                               title=\"T\u1ee7 trung th\u1ebf Eaton 7.2 kV\u201324 kV Power Xpert UX\">\r\n                                <img src=\"https:\/\/generator.com.vn\/wp-content\/uploads\/2021\/10\/eaton-24kv-et1-image-cn-350x250.jpg\">\r\n                            <\/a>\r\n                        <\/div>\r\n                        <div class=\"p-meta-title\">\r\n                            <a href=\"https:\/\/generator.com.vn\/en\/products\/tu-trung-the-eaton-7-2-kv-24-kv-power-xpert-ux\/\"\r\n                               title=\"T\u1ee7 trung th\u1ebf Eaton 7.2 kV\u201324 kV Power Xpert UX\">\r\n                                T\u1ee7 trung th\u1ebf Eaton 7.2 kV\u201324 kV Power Xpert UX                            <\/a>\r\n                        <\/div>\r\n                    <\/div>\r\n\r\n                <\/div>\r\n                            <div class=\"product-item\">\r\n                    <div class=\"product-item-inner\">\r\n                        <div class=\"p-meta-image\">\r\n                            <a href=\"https:\/\/generator.com.vn\/en\/products\/tu-trung-the-eaton-24-kv-et1\/\"\r\n                               title=\"T\u1ee7 trung th\u1ebf Eaton 24 KV ET1\">\r\n                                <img src=\"https:\/\/generator.com.vn\/wp-content\/uploads\/2021\/10\/eaton-12kV-ET1-image-cn-1-350x250.png\">\r\n                            <\/a>\r\n                        <\/div>\r\n                        <div class=\"p-meta-title\">\r\n                            <a href=\"https:\/\/generator.com.vn\/en\/products\/tu-trung-the-eaton-24-kv-et1\/\"\r\n                               title=\"T\u1ee7 trung th\u1ebf Eaton 24 KV ET1\">\r\n                                T\u1ee7 trung th\u1ebf Eaton 24 KV ET1                            <\/a>\r\n                        <\/div>\r\n                    <\/div>\r\n\r\n                <\/div>\r\n                            <div class=\"product-item\">\r\n                    <div class=\"product-item-inner\">\r\n                        <div class=\"p-meta-image\">\r\n                            <a href=\"https:\/\/generator.com.vn\/en\/products\/tu-trung-the-eaton-12-kv-et1\/\"\r\n                               title=\"T\u1ee7 trung th\u1ebf Eaton 12 kV ET1\">\r\n                                <img src=\"https:\/\/generator.com.vn\/wp-content\/uploads\/2021\/10\/eaton-12kv-power-xpert-ux-image-cn-350x250.jpg\">\r\n                            <\/a>\r\n                        <\/div>\r\n                        <div class=\"p-meta-title\">\r\n                            <a href=\"https:\/\/generator.com.vn\/en\/products\/tu-trung-the-eaton-12-kv-et1\/\"\r\n                               title=\"T\u1ee7 trung th\u1ebf Eaton 12 kV ET1\">\r\n                                T\u1ee7 trung th\u1ebf Eaton 12 kV ET1                            <\/a>\r\n                        <\/div>\r\n                    <\/div>\r\n\r\n                <\/div>\r\n                    <\/div>\r\n        \t\t<\/div>\n\t\t\t\t<\/div>\n\t\t\t\t<section class=\"elementor-section elementor-inner-section elementor-element elementor-element-429b9f3 elementor-section-boxed elementor-section-height-default elementor-section-height-default\" data-id=\"429b9f3\" data-element_type=\"section\">\n\t\t\t\t\t\t<div class=\"elementor-container elementor-column-gap-default\">\n\t\t\t\t\t<div class=\"elementor-column elementor-col-50 elementor-inner-column elementor-element elementor-element-5cc052c\" data-id=\"5cc052c\" data-element_type=\"column\">\n\t\t\t<div class=\"elementor-widget-wrap\">\n\t\t\t\t\t\t\t\t\t<\/div>\n\t\t<\/div>\n\t\t\t\t<div class=\"elementor-column elementor-col-50 elementor-inner-column elementor-element elementor-element-509cea9\" data-id=\"509cea9\" data-element_type=\"column\">\n\t\t\t<div class=\"elementor-widget-wrap\">\n\t\t\t\t\t\t\t\t\t<\/div>\n\t\t<\/div>\n\t\t\t\t\t\t\t<\/div>\n\t\t<\/section>\n\t\t\t\t\t<\/div>\n\t\t<\/div>\n\t\t\t\t\t\t\t<\/div>\n\t\t<\/section>\n\t\t\t\t<section class=\"elementor-section elementor-top-section elementor-element elementor-element-cd64417 elementor-section-boxed elementor-section-height-default elementor-section-height-default\" data-id=\"cd64417\" data-element_type=\"section\">\n\t\t\t\t\t\t<div class=\"elementor-container elementor-column-gap-default\">\n\t\t\t\t\t<div class=\"elementor-column elementor-col-100 elementor-top-column elementor-element elementor-element-52d72b3\" data-id=\"52d72b3\" data-element_type=\"column\">\n\t\t\t<div class=\"elementor-widget-wrap elementor-element-populated\">\n\t\t\t\t\t\t\t\t<div class=\"elementor-element elementor-element-9a0f880 elementor-widget elementor-widget-text-editor\" data-id=\"9a0f880\" data-element_type=\"widget\" data-widget_type=\"text-editor.default\">\n\t\t\t\t<div class=\"elementor-widget-container\">\n\t\t\t\t\t\t\t<h2>T\u1ee7 trung th\u1ebf l\u00e0 g\u00ec<\/h2><p>T\u1ee7 \u0111i\u1ec7n trung th\u1ebf hay <a href=\"https:\/\/generator.com.vn\/tu-trung-the\/\">t\u1ee7 trung th\u1ebf<\/a> l\u00e0 t\u1ee7 \u0111i\u1ec7n \u0111\u01b0\u1ee3c d\u00f9ng \u0111\u1ec3 \u0111\u00f3ng ng\u1eaft v\u00e0 b\u1ea3o v\u1ec7 c\u00e1c \u0111\u01b0\u1eddng d\u00e2y cung c\u1ea5p \u0111i\u1ec7n trung th\u1ebf. T\u1ee7 \u0111i\u1ec7n trung th\u1ebf \u0111\u01b0\u1ee3c s\u1eed d\u1ee5ng kh\u00e1 r\u1ed9ng r\u00e3i trong c\u00e1c tr\u1ea1m ph\u00e2n ph\u1ed1i \u0111i\u1ec7n ( nh\u01b0 t\u00f2a nh\u00e0 cao t\u1ea7ng, nh\u00e0 m\u00e1y, b\u1ebfn c\u1ea3ng, s\u00e2n bay\u2026.), l\u1eafp \u0111\u1eb7t trong nh\u00e0 m\u00e1y ph\u00e1t \u0111i\u1ec7n, c\u00e1c tr\u1ea1m truy\u1ec1n t\u1ea3i v\u00e0 ph\u00e2n ph\u1ed1i \u0111i\u1ec7n\u2026.<\/p><h3>C\u1ea5u t\u1ea1o t\u1ee7 trung th\u1ebf<\/h3><p dir=\"ltr\">Nguy\u00ean li\u1ec7u \u0111\u1ec3 s\u1ea3n xu\u1ea5t ra t\u1ee7 \u0111i\u1ec7n trung th\u1ebf\u00a0 c\u00f3 ti\u00eau chu\u1ea9n cao, \u0111\u00e1p \u1ee9ng\u00a0 m\u1ecdi ti\u00eau chu\u1ea9n kh\u1eaft khe\u00a0 nh\u1ea5t c\u1ee7a kh\u00e1ch h\u00e0ng. V\u1ecf t\u1ee7 \u0111\u01b0\u1ee3c l\u00e0m b\u1eb1ng t\u00f4n d\u00e0y kho\u1ea3ng 2mm, m\u1ea1 s\u01a1n c\u00e1ch \u0111i\u1ec7n, ch\u1eafc ch\u1eafn, \u0111\u1ea3m b\u1ea3o an to\u00e0n \u0111i\u1ec7n.<\/p><p dir=\"ltr\">\u0110\u1ed1i v\u1edbi t\u1ee7 \u0111i\u1ec7n trung th\u1ebf trong tr\u1ea1m \u0111i\u1ec7n g\u1ed3m c\u00e1c b\u1ed9 ph\u1eadn nh\u01b0 ( bu\u1ed3ng thanh l\u00e1i, bu\u1ed3ng m\u00e1y c\u1eaft, bu\u1ed3ng \u0111\u1ea5u c\u00e1p, bu\u1ed3ng h\u1ea1 th\u1ebf,..) \u0111\u1ea3m b\u1ea3o ch\u00ednh x\u00e1c c\u00e1c ti\u00eau chu\u1ea3n k\u0129 thu\u1eadt, b\u1ec1n ch\u1eafc, an to\u00e0n.<\/p><h3 dir=\"ltr\">Ch\u1ee9c n\u0103ng c\u1ee7a t\u1ee7 \u0111i\u1ec7n trung th\u1ebf<\/h3><p>T\u1ee7 \u0111i\u1ec7n trung th\u1ebf \u0111\u01b0\u1ee3c thi\u1ebft k\u1ebf v\u00e0 s\u1ea3n xu\u1ea5t \u1ee9ng d\u1ee5ng r\u1ed9ng r\u00e3i trong c\u00e1c tr\u1ea1m ph\u00e1t \u0111i\u1ec7n, tr\u1ea1m ph\u00e2n ph\u1ed1i \u0111i\u1ec7n c\u1ee7a c\u00e1c C\u00f4ng ty \u0111i\u1ec7n l\u1ef1c, khu c\u00f4ng nghi\u1ec7p, khu d\u00e2n c\u01b0 v\u00e0 c\u00e1c nh\u00e0 m\u00e1y. Ch\u1ee9c n\u0103ng ch\u00ednh c\u1ee7a t\u1ee7 \u0111i\u1ec7n: B\u1ea3o v\u1ec7 c\u00e1c thi\u1ebft b\u1ecb nh\u01b0: thi\u1ebft b\u1ecb chuy\u1ec3n m\u1ea1ch, d\u1ee5ng c\u1ee5 \u0111o ch\u1ec9 th\u1ecb, r\u01a1 le, v\u00e0 b\u1ea3ng c\u1ea7u ch\u00ec, t\u1eeb c\u00e1c t\u00e1c \u0111\u1ed9ng c\u01a1 h\u1ecdc.<\/p><p><em>N\u1ebfu b\u1ea1n \u0111ang c\u00f3 nhu c\u1ea7u mua v\u00e0 l\u1eafp \u0111\u1eb7t t\u1ee7 \u0111i\u1ec7n trung ch\u1ea5t l\u01b0\u1ee3ng v\u00e0 gi\u00e1 t\u1ed1t \u0111\u1ec3 b\u1ea3o v\u1ec7 cho h\u1ec7 th\u1ed1ng \u0111i\u1ec7n c\u1ee7a m\u00ecnh h\u00e3y li\u00ean h\u1ec7 v\u1edbi ch\u00fang t\u00f4i \u0111\u1ec3 \u0111\u01b0\u1ee3c t\u01b0 v\u1ea5n v\u00e0 b\u00e1o gi\u00e1 mi\u1ec5n ph\u00ed.<\/em><\/p>\t\t\t\t\t\t<\/div>\n\t\t\t\t<\/div>\n\t\t\t\t\t<\/div>\n\t\t<\/div>\n\t\t\t\t\t\t\t<\/div>\n\t\t<\/section>\n\t\t\t\t<section class=\"elementor-section elementor-top-section elementor-element elementor-element-b0c984e elementor-section-boxed elementor-section-height-default elementor-section-height-default\" data-id=\"b0c984e\" data-element_type=\"section\">\n\t\t\t\t\t\t<div class=\"elementor-container elementor-column-gap-default\">\n\t\t\t\t\t<div class=\"elementor-column elementor-col-100 elementor-top-column elementor-element elementor-element-fa80439\" data-id=\"fa80439\" data-element_type=\"column\">\n\t\t\t<div class=\"elementor-widget-wrap elementor-element-populated\">\n\t\t\t\t\t\t\t\t<div class=\"elementor-element elementor-element-de79292 elementor-widget elementor-widget-button\" data-id=\"de79292\" data-element_type=\"widget\" data-widget_type=\"button.default\">\n\t\t\t\t<div class=\"elementor-widget-container\">\n\t\t\t\t\t<div class=\"elementor-button-wrapper\">\n\t\t\t<a href=\"https:\/\/generator.com.vn\/lien-he\/\" class=\"elementor-button-link elementor-button elementor-size-sm\" role=\"button\">\n\t\t\t\t\t\t<span class=\"elementor-button-content-wrapper\">\n\t\t\t\t\t\t<span class=\"elementor-button-text\">\u0110\u0102NG K\u00dd NH\u1eacN B\u00c1O GI\u00c1 MI\u1ec4N PH\u00cd<\/span>\n\t\t<\/span>\n\t\t\t\t\t<\/a>\n\t\t<\/div>\n\t\t\t\t<\/div>\n\t\t\t\t<\/div>\n\t\t\t\t\t<\/div>\n\t\t<\/div>\n\t\t\t\t\t\t\t<\/div>\n\t\t<\/section>\n\t\t\t\t<section class=\"elementor-section elementor-top-section elementor-element elementor-element-97381c5 elementor-section-boxed elementor-section-height-default elementor-section-height-default\" data-id=\"97381c5\" data-element_type=\"section\">\n\t\t\t\t\t\t<div class=\"elementor-container elementor-column-gap-default\">\n\t\t\t\t\t<div class=\"elementor-column elementor-col-100 elementor-top-column elementor-element elementor-element-737f7cb\" data-id=\"737f7cb\" data-element_type=\"column\">\n\t\t\t<div class=\"elementor-widget-wrap elementor-element-populated\">\n\t\t\t\t\t\t\t\t<div class=\"elementor-element elementor-element-1830fff align-left elementor-widget elementor-widget-mae-headings\" data-id=\"1830fff\" data-element_type=\"widget\" data-widget_type=\"mae-headings.default\">\n\t\t\t\t<div class=\"elementor-widget-container\">\n\t\t\t\t\t<div class=\"master-heading\">\n\t        \n\t        \t        <h2 class=\"main-heading\">S\u1ea3n ph\u1ea9m li\u00ean quan<\/h2>\n\t        \n\t        \n\t        \t    <\/div>\n\t    \t\t<\/div>\n\t\t\t\t<\/div>\n\t\t\t\t\t<\/div>\n\t\t<\/div>\n\t\t\t\t\t\t\t<\/div>\n\t\t<\/section>\n\t\t\t\t<section class=\"elementor-section elementor-top-section elementor-element elementor-element-393bf1d elementor-section-boxed elementor-section-height-default elementor-section-height-default\" data-id=\"393bf1d\" data-element_type=\"section\">\n\t\t\t\t\t\t<div class=\"elementor-container elementor-column-gap-default\">\n\t\t\t\t\t<div class=\"elementor-column elementor-col-100 elementor-top-column elementor-element elementor-element-d02aeca\" data-id=\"d02aeca\" data-element_type=\"column\">\n\t\t\t<div class=\"elementor-widget-wrap elementor-element-populated\">\n\t\t\t\t\t\t\t\t<div class=\"elementor-element elementor-element-0dd703c hover-effect-none elementor-widget elementor-widget-mae-team-carousel\" data-id=\"0dd703c\" data-element_type=\"widget\" data-widget_type=\"mae-team-carousel.default\">\n\t\t\t\t<div class=\"elementor-widget-container\">\n\t\t\t\n        <div class=\"master-carousel-box mlr-1080928045\" data-config='{\"column\":\"3\",\"gap\":\"30px\",\"arrowPosition\":\"middle\",\"arrowMiddleOffset\":\"60px\",\"arrowTopOffset\":null,\"dotOffset\":null,\"fullRight\":false,\"autoPlay\":true,\"prevNextButtons\":true,\"pageDots\":false}'>\n                            <div class=\"master-team  item-carousel sep-before\">\n                    <div class=\"avatar\"><a href=\"https:\/\/generator.com.vn\/en\/generator\/\"><img alt=\"Avatar\" src=\"https:\/\/generator.com.vn\/wp-content\/uploads\/2021\/11\/SP-GU-Series-1.jpg\" \/><\/a><\/div>                    <div class=\"content-wrap\">\n                        <div class=\"team-info\">\n                            <h3 class=\"team-name\"><a href=\"https:\/\/generator.com.vn\/en\/generator\/\">Generator<\/a><\/h3>                        <\/div>\n\n                        <div class=\"sep\"><\/div>                    <\/div>\n                <\/div>\n                            <div class=\"master-team  item-carousel sep-before\">\n                    <div class=\"avatar\"><a href=\"https:\/\/generator.com.vn\/en\/ups\/\"><img alt=\"Avatar\" src=\"https:\/\/generator.com.vn\/wp-content\/uploads\/2021\/12\/UPS.jpg\" \/><\/a><\/div>                    <div class=\"content-wrap\">\n                        <div class=\"team-info\">\n                            <h3 class=\"team-name\"><a href=\"https:\/\/generator.com.vn\/en\/ups\/\">UPS<\/a><\/h3>                        <\/div>\n\n                        <div class=\"sep\"><\/div>                    <\/div>\n                <\/div>\n                            <div class=\"master-team  item-carousel sep-before\">\n                    <div class=\"avatar\"><a href=\"https:\/\/generator.com.vn\/en\/transformers\/\"><img alt=\"Avatar\" src=\"https:\/\/generator.com.vn\/wp-content\/uploads\/2021\/10\/may-bien-ap.jpg\" \/><\/a><\/div>                    <div class=\"content-wrap\">\n                        <div class=\"team-info\">\n                            <h3 class=\"team-name\"><a href=\"https:\/\/generator.com.vn\/en\/transformers\/\">Transformers<\/a><\/h3>                        <\/div>\n\n                        <div class=\"sep\"><\/div>                    <\/div>\n                <\/div>\n                    <\/div>\n\n        \t\t<\/div>\n\t\t\t\t<\/div>\n\t\t\t\t\t<\/div>\n\t\t<\/div>\n\t\t\t\t\t\t\t<\/div>\n\t\t<\/section>\n\t\t\t\t\t\t<\/div>\n\t\t\t\t\t<\/div>\n\t\t","protected":false},"excerpt":{"rendered":"<p>T\u1ee7 trung th\u1ebf l\u00e0 g\u00ec T\u1ee7 \u0111i\u1ec7n trung th\u1ebf hay t\u1ee7 trung th\u1ebf l\u00e0 t\u1ee7 \u0111i\u1ec7n \u0111\u01b0\u1ee3c d\u00f9ng \u0111\u1ec3 \u0111\u00f3ng ng\u1eaft v\u00e0 b\u1ea3o v\u1ec7 c\u00e1c \u0111\u01b0\u1eddng d\u00e2y cung c\u1ea5p \u0111i\u1ec7n trung th\u1ebf. T\u1ee7 \u0111i\u1ec7n trung th\u1ebf \u0111\u01b0\u1ee3c s\u1eed d\u1ee5ng kh\u00e1 r\u1ed9ng r\u00e3i trong c\u00e1c tr\u1ea1m ph\u00e2n ph\u1ed1i \u0111i\u1ec7n ( nh\u01b0 t\u00f2a nh\u00e0 cao t\u1ea7ng, nh\u00e0 m\u00e1y, b\u1ebfn c\u1ea3ng, s\u00e2n bay\u2026.), l\u1eafp \u0111\u1eb7t trong nh\u00e0 m\u00e1y ph\u00e1t \u0111i\u1ec7n, c\u00e1c tr\u1ea1m truy\u1ec1n t\u1ea3i v\u00e0 ph\u00e2n ph\u1ed1i \u0111i\u1ec7n\u2026. C\u1ea5u t\u1ea1o t\u1ee7 trung th\u1ebf Nguy\u00ean li\u1ec7u \u0111\u1ec3 s\u1ea3n xu\u1ea5t ra t\u1ee7 \u0111i\u1ec7n trung th\u1ebf\u00a0 c\u00f3 ti\u00eau chu\u1ea9n cao, \u0111\u00e1p \u1ee9ng\u00a0 m\u1ecdi ti\u00eau chu\u1ea9n kh\u1eaft khe\u00a0 nh\u1ea5t c\u1ee7a kh\u00e1ch h\u00e0ng. V\u1ecf t\u1ee7 \u0111\u01b0\u1ee3c l\u00e0m b\u1eb1ng t\u00f4n d\u00e0y kho\u1ea3ng 2mm, m\u1ea1 s\u01a1n c\u00e1ch \u0111i\u1ec7n, ch\u1eafc ch\u1eafn, \u0111\u1ea3m b\u1ea3o an to\u00e0n \u0111i\u1ec7n. \u0110\u1ed1i v\u1edbi t\u1ee7 \u0111i\u1ec7n trung th\u1ebf trong tr\u1ea1m \u0111i\u1ec7n g\u1ed3m c\u00e1c b\u1ed9 ph\u1eadn nh\u01b0 ( bu\u1ed3ng thanh l\u00e1i, bu\u1ed3ng m\u00e1y c\u1eaft, bu\u1ed3ng \u0111\u1ea5u c\u00e1p, bu\u1ed3ng h\u1ea1 th\u1ebf,..) \u0111\u1ea3m b\u1ea3o ch\u00ednh x\u00e1c c\u00e1c ti\u00eau chu\u1ea3n k\u0129 thu\u1eadt, b\u1ec1n ch\u1eafc, an to\u00e0n. Ch\u1ee9c n\u0103ng c\u1ee7a t\u1ee7 \u0111i\u1ec7n trung th\u1ebf T\u1ee7 \u0111i\u1ec7n trung th\u1ebf \u0111\u01b0\u1ee3c thi\u1ebft k\u1ebf v\u00e0 s\u1ea3n xu\u1ea5t \u1ee9ng d\u1ee5ng r\u1ed9ng r\u00e3i trong c\u00e1c tr\u1ea1m ph\u00e1t \u0111i\u1ec7n, tr\u1ea1m ph\u00e2n ph\u1ed1i \u0111i\u1ec7n c\u1ee7a c\u00e1c C\u00f4ng ty \u0111i\u1ec7n<\/p>\n","protected":false},"author":2,"featured_media":0,"parent":0,"menu_order":0,"comment_status":"closed","ping_status":"closed","template":"","meta":[],"_links":{"self":[{"href":"https:\/\/generator.com.vn\/en\/wp-json\/wp\/v2\/pages\/6484\/"}],"collection":[{"href":"https:\/\/generator.com.vn\/en\/wp-json\/wp\/v2\/pages\/"}],"about":[{"href":"https:\/\/generator.com.vn\/en\/wp-json\/wp\/v2\/types\/page\/"}],"author":[{"embeddable":true,"href":"https:\/\/generator.com.vn\/en\/wp-json\/wp\/v2\/users\/2\/"}],"replies":[{"embeddable":true,"href":"https:\/\/generator.com.vn\/en\/wp-json\/wp\/v2\/comments\/?post=6484"}],"version-history":[{"count":10,"href":"https:\/\/generator.com.vn\/en\/wp-json\/wp\/v2\/pages\/6484\/revisions\/"}],"predecessor-version":[{"id":7563,"href":"https:\/\/generator.com.vn\/en\/wp-json\/wp\/v2\/pages\/6484\/revisions\/7563\/"}],"wp:attachment":[{"href":"https:\/\/generator.com.vn\/en\/wp-json\/wp\/v2\/media\/?parent=6484"}],"curies":[{"name":"wp","href":"https:\/\/api.w.org\/{rel}","templated":true}]}}